{"id":748,"date":"2025-12-09T21:50:43","date_gmt":"2025-12-10T02:50:43","guid":{"rendered":"https:\/\/dev.primaressource.com\/franchises\/"},"modified":"2026-04-17T15:51:15","modified_gmt":"2026-04-17T19:51:15","slug":"franchises","status":"publish","type":"page","link":"https:\/\/dev.primaressource.com\/fr\/franchises\/","title":{"rendered":"Franchises"},"content":{"rendered":"<section class=\"section RGO01-A bg--3\">\n  <!--<div class=\"RGO01-A__wrapper wrap fullBG bgSetter\" data-backgrounds=\"\/public\/media\/8e5b8d88-ee5f-11ec-93ab-a96ae3e0219b.png?v=1747855238,\/public\/media\/8e5b7e4c-ee5f-11ec-adc7-a72617b78979.png?v=1747855238,\/public\/media\/8e5b6916-ee5f-11ec-b0dd-89bfe061dd6d.png?v=1747855238\" data-sizes=\",,\" data-positions=\"top,top,top\" data-viewports=\"414,1024,1920\" style=\"background-image: url(https:\/\/dev.primaressource.com\/wp-content\/uploads\/2026\/04\/Accordeon-services-PRIMA-1.png); background-position: top;\">-->\n  <div class=\"RGO01-A__wrapper wrap fullBG bgSetter\">\n\t<div class=\"bckg-image\"><img loading=\"lazy\" decoding=\"async\" width=\"1545\" height=\"474\" src=\"https:\/\/dev.primaressource.com\/wp-content\/uploads\/2026\/04\/Accordeon-services-PRIMA-1.png\" class=\"attachment-full size-full\" alt=\"\" srcset=\"https:\/\/dev.primaressource.com\/wp-content\/uploads\/2026\/04\/Accordeon-services-PRIMA-1.png 1545w, https:\/\/dev.primaressource.com\/wp-content\/uploads\/2026\/04\/Accordeon-services-PRIMA-1-300x92.png 300w, https:\/\/dev.primaressource.com\/wp-content\/uploads\/2026\/04\/Accordeon-services-PRIMA-1-1024x314.png 1024w, https:\/\/dev.primaressource.com\/wp-content\/uploads\/2026\/04\/Accordeon-services-PRIMA-1-768x236.png 768w, https:\/\/dev.primaressource.com\/wp-content\/uploads\/2026\/04\/Accordeon-services-PRIMA-1-1536x471.png 1536w\" sizes=\"auto, (max-width: 1545px) 100vw, 1545px\" \/><\/div>\n    <div class=\"RGO01-A__overlay\"><\/div>\n    <div class=\"RGO01-A__text\"> \n      <!-- SUBTITLE -->\n      <div class=\"subtitle margin color--0\">\n        <h1>Lancez d\u00e8s maintenant votre entreprise de formation B2B<\/h1>\n      <\/div>\n      \n      <!-- TITLE -->\n      <div class=\"title h3 margin color--0\">\n        <h2>Franchises PRIMEO<\/h2>\n      <\/div>\n      \n      <!-- TEXT -->\n      <div class=\"wysiwyg color--0\">\n        <h4>Prends ton avenir en main : lances ton entreprise de formation B2B<\/h4>\n      <\/div>\n      \n      <!-- BUTTONS -->\n\t\t\n\t\t    <\/div>\n  <\/div>\n<\/section>\n\n\n\n<section class=\"text-image-block layout_text_only bg--0\">\n  <div>\n\t<div class=\"text color--3\"><p>As-tu d\u00e9j\u00e0 g\u00e9r\u00e9 des \u00e9quipes de vente B2B, form\u00e9 des personnes talentueuses et conquis des march\u00e9s ? C&rsquo;est le moment de transformer cette expertise en une entreprise qui te ressemble. Avec PRIMEO, tu peux enfin te lancer et cr\u00e9er une entreprise de formation \u00e0 la vente structur\u00e9e, rentable et \u00e0 fort impact.<\/p>\n  <\/div>\n<\/section>\n\n\n\n<section class=\"text-image-block layout_text_only bg--3\">\n  <div>\n\t<div class=\"text color--0\"><h2 class=\"color--0 large\">POURQUOI PRIMEO?<\/h2><p>Notre promesse : te fournir un mod\u00e8le de franchise \u00e9prouv\u00e9 et performant, offrant :<\/p>\n<ul>\n<li>Une rentabilit\u00e9 rapide ;<\/li>\n<li>Un soutien local ;<\/li>\n<li>Une sp\u00e9cialisation dans la vente B2B ;<\/li>\n<li>Une position forte sur le march\u00e9 des PME.<\/li>\n<\/ul>\n<p>Tu ne pars pas de z\u00e9ro : tu b\u00e9n\u00e9ficies d&rsquo;outils \u00e9prouv\u00e9s, d&rsquo;une image de marque cr\u00e9dible et du soutien d&rsquo;experts pour construire une entreprise solide et durable.<\/p>\n<p>Transforme ton expertise en un v\u00e9ritable levier commercial.<\/p>\n<p>Chez PRIMEO, ton savoir-faire devient la pierre angulaire d&rsquo;une entreprise cr\u00e9dible et rentable, en accord avec tes valeurs.<\/p>\n  <\/div>\n<\/section>\n\n\n\n<section class=\"text-image-block layout_text_only bg--3\">\n  <div>\n\t<div class=\"text color--0\"><h2 class=\"color--0 large\">QUEL PROFIL TE CORRESPOND LE MIEUX ?<\/h2><p>On cherche des franchis\u00e9s qui sont des b\u00e2tisseurs, pas seulement des op\u00e9rateurs. Deux profils compl\u00e9mentaires correspondent \u00e0 notre mod\u00e8le :<\/p>\n<p><strong>Profil 1 : Le d\u00e9veloppeur<\/strong><\/p>\n<p>Tu es un vendeur n\u00e9, motiv\u00e9 par le d\u00e9veloppement commercial et la conqu\u00eate de nouveaux march\u00e9s ? Tu aimes \u00e9tablir des relations durables et g\u00e9n\u00e9rer des r\u00e9sultats tangibles ?<\/p>\n<ul>\n<li>Solide exp\u00e9rience dans la vente B2B<\/li>\n<li>\u00c0 l&rsquo;aise avec la prospection et les cycles de vente complexes<\/li>\n<li>Capable de collaborer avec un formateur pour remplir des mandats<\/li>\n<li>Doit recruter un formateur certifi\u00e9 PRIMEO dans les 12 premiers mois<\/li>\n<\/ul>\n<p><strong>Profil 2 : Coach\/formateur<\/strong><\/p>\n<p>Tu es passionn\u00e9 par la formation et le d\u00e9veloppement des comp\u00e9tences ? Tu aimes voir tes clients progresser et exceller ? Ce poste est fait pour toi.<\/p>\n<ul>\n<li>Exp\u00e9rience dans la formation, le coaching ou le soutien \u00e0 la vente<\/li>\n<li>Excellente capacit\u00e9 \u00e0 animer, structurer et inspirer<\/li>\n<li>Assurera la formation et le soutien des clients sur le long terme<\/li>\n<li>Doit s&rsquo;associer \u00e0 un repr\u00e9sentant des ventes d\u00e8s le d\u00e9but<\/li>\n<\/ul>\n  <\/div>\n<\/section>\n\n\n\n<section class=\"text-image-block layout_img_text bg--0\">\n  <div>\n\t<div class=\"text color--3\"><h2 class=\"color--0 small\">Ensemble, on va b\u00e2tir une entreprise multimillionnaire<\/h2><p>Chaque franchis\u00e9 PRIMEO, quel que soit son profil, b\u00e9n\u00e9ficie d&rsquo;un accompagnement strat\u00e9gique sur mesure, de la formation initiale \u00e0 la croissance acc\u00e9l\u00e9r\u00e9e.<\/p>\n  <\/div>\n<\/section>\n\n\n\n\n\n<section class=\"cta layout_img_text bg--3\">\n  <div>\n\t<div class=\"img\"><picture><img loading=\"lazy\" decoding=\"async\" width=\"2000\" height=\"2000\" src=\"https:\/\/dev.primaressource.com\/wp-content\/uploads\/2026\/04\/7-1.png\" class=\"attachment-full size-full\" alt=\"\" srcset=\"https:\/\/dev.primaressource.com\/wp-content\/uploads\/2026\/04\/7-1.png 2000w, https:\/\/dev.primaressource.com\/wp-content\/uploads\/2026\/04\/7-1-300x300.png 300w, https:\/\/dev.primaressource.com\/wp-content\/uploads\/2026\/04\/7-1-1024x1024.png 1024w, https:\/\/dev.primaressource.com\/wp-content\/uploads\/2026\/04\/7-1-150x150.png 150w, https:\/\/dev.primaressource.com\/wp-content\/uploads\/2026\/04\/7-1-768x768.png 768w, https:\/\/dev.primaressource.com\/wp-content\/uploads\/2026\/04\/7-1-1536x1536.png 1536w\" sizes=\"auto, (max-width: 2000px) 100vw, 2000px\" \/><picture><\/div><div class=\"text visible fade-up\"><div class=\"subtitle-box\"><div class=\"subtitle\" color--0\"><p>En savoir plus ?<\/p><\/div><\/div><div class=\"title h3 color--0\"><h3>Discutes de cette opportunit\u00e9 avec l&rsquo;un de nos experts.<\/h3><\/div><div class=\"wysiwyg color--0\"><p>D\u00e9couvre nos services et comment tu peux non seulement monter une entreprise, mais aussi former des leaders.<\/p>\n<\/div><div class=\"btn-container\"><div class=\"btn--primary weight-fat color-c3 hover-c0 bg-c5 hoverbg-c4\"><a class=\"button\" href=\"https:\/\/dev.primaressource.com\/fr\/nous-contacter\/\" title=\"En savoir plus\" data-no-swup=\"\"> <span class=\"button-text btn-text\">En savoir plus<\/span><\/a><\/div><\/div>  <\/div>\n<\/section>\n","protected":false},"excerpt":{"rendered":"","protected":false},"author":1,"featured_media":0,"parent":0,"menu_order":0,"comment_status":"closed","ping_status":"closed","template":"page-generic.php","meta":{"_acf_changed":false,"footnotes":""},"class_list":["post-748","page","type-page","status-publish","hentry"],"acf":[],"_links":{"self":[{"href":"https:\/\/dev.primaressource.com\/fr\/wp-json\/wp\/v2\/pages\/748","targetHints":{"allow":["GET"]}}],"collection":[{"href":"https:\/\/dev.primaressource.com\/fr\/wp-json\/wp\/v2\/pages"}],"about":[{"href":"https:\/\/dev.primaressource.com\/fr\/wp-json\/wp\/v2\/types\/page"}],"author":[{"embeddable":true,"href":"https:\/\/dev.primaressource.com\/fr\/wp-json\/wp\/v2\/users\/1"}],"replies":[{"embeddable":true,"href":"https:\/\/dev.primaressource.com\/fr\/wp-json\/wp\/v2\/comments?post=748"}],"version-history":[{"count":7,"href":"https:\/\/dev.primaressource.com\/fr\/wp-json\/wp\/v2\/pages\/748\/revisions"}],"predecessor-version":[{"id":1042,"href":"https:\/\/dev.primaressource.com\/fr\/wp-json\/wp\/v2\/pages\/748\/revisions\/1042"}],"wp:attachment":[{"href":"https:\/\/dev.primaressource.com\/fr\/wp-json\/wp\/v2\/media?parent=748"}],"curies":[{"name":"wp","href":"https:\/\/api.w.org\/{rel}","templated":true}]}}