{"id":769,"date":"2025-11-24T09:01:55","date_gmt":"2025-11-24T14:01:55","guid":{"rendered":"https:\/\/dev.primaressource.com\/contact-us\/"},"modified":"2026-04-17T15:46:54","modified_gmt":"2026-04-17T19:46:54","slug":"nous-contacter","status":"publish","type":"page","link":"https:\/\/dev.primaressource.com\/fr\/nous-contacter\/","title":{"rendered":"Nous contacter"},"content":{"rendered":"<section class=\"section RGO01-A bg--3\">\n  <!--<div class=\"RGO01-A__wrapper wrap fullBG bgSetter\" data-backgrounds=\"\/public\/media\/8e5b8d88-ee5f-11ec-93ab-a96ae3e0219b.png?v=1747855238,\/public\/media\/8e5b7e4c-ee5f-11ec-adc7-a72617b78979.png?v=1747855238,\/public\/media\/8e5b6916-ee5f-11ec-b0dd-89bfe061dd6d.png?v=1747855238\" data-sizes=\",,\" data-positions=\"top,top,top\" data-viewports=\"414,1024,1920\" style=\"background-image: url(https:\/\/dev.primaressource.com\/wp-content\/uploads\/2026\/04\/Analyse-de-la-force-de-vente-1.png); background-position: top;\">-->\n  <div class=\"RGO01-A__wrapper wrap fullBG bgSetter\">\n\t<div class=\"bckg-image\"><img loading=\"lazy\" decoding=\"async\" width=\"1545\" height=\"474\" src=\"https:\/\/dev.primaressource.com\/wp-content\/uploads\/2026\/04\/Analyse-de-la-force-de-vente-1.png\" class=\"attachment-full size-full\" alt=\"\" srcset=\"https:\/\/dev.primaressource.com\/wp-content\/uploads\/2026\/04\/Analyse-de-la-force-de-vente-1.png 1545w, https:\/\/dev.primaressource.com\/wp-content\/uploads\/2026\/04\/Analyse-de-la-force-de-vente-1-300x92.png 300w, https:\/\/dev.primaressource.com\/wp-content\/uploads\/2026\/04\/Analyse-de-la-force-de-vente-1-1024x314.png 1024w, https:\/\/dev.primaressource.com\/wp-content\/uploads\/2026\/04\/Analyse-de-la-force-de-vente-1-768x236.png 768w, https:\/\/dev.primaressource.com\/wp-content\/uploads\/2026\/04\/Analyse-de-la-force-de-vente-1-1536x471.png 1536w\" sizes=\"auto, (max-width: 1545px) 100vw, 1545px\" \/><\/div>\n    <div class=\"RGO01-A__overlay\"><\/div>\n    <div class=\"RGO01-A__text\"> \n      <!-- SUBTITLE -->\n      <div class=\"subtitle margin color--0\">\n        <h1>Contacter PRIMEO<\/h1>\n      <\/div>\n      \n      <!-- TITLE -->\n      <div class=\"title h3 margin color--0\">\n        <h2>Comment on peut t&rsquo;aider \u00e0 te d\u00e9velopper gr\u00e2ce aux ventes et \u00e0 la strat\u00e9gie<\/h2>\n      <\/div>\n      \n      <!-- TEXT -->\n      <div class=\"wysiwyg color--0\">\n        <p>Seul un idiot tentera de r\u00e9p\u00e9ter la m\u00eame action en esp\u00e9rant obtenir un r\u00e9sultat diff\u00e9rent. Pour atteindre les objectifs de ton entreprise, tu dois actionner tous les leviers de croissance des ventes dans un ordre pr\u00e9cis, adapt\u00e9 \u00e0 ton entreprise.<\/p>\n      <\/div>\n      \n      <!-- BUTTONS -->\n\t\t\n\t\t    <\/div>\n  <\/div>\n<\/section>\n\n\n<section class=\"section RMO04 section-c7\">\n  <div class=\"wrap\">\n    <div class=\"padd\">\n      <!--<div class=\"RMO04__wrapper\">-->\n        <div class=\"RMO04__graphic\"><img decoding=\"async\" src=\"http:\/\/dev.primaressource.com\/wp-content\/uploads\/2025\/12\/target_black.svg\"><\/div>\n        <form id=\"form-contact\" enctype=\"multipart\/form-data\" method=\"POST\" action=\"https:\/\/dev.primaressource.com\/wp-admin\/admin-post.php\" class=\"RMO04__form\" data-gaformtag=\"\" data-hs-cf-bound=\"true\">\n\t\t<input type=\"hidden\" id=\"prima_nonce_field\" name=\"prima_nonce_field\" value=\"a9463fbeaa\" \/><input type=\"hidden\" name=\"_wp_http_referer\" value=\"\/fr\/wp-json\/wp\/v2\/pages\/769\" \/>\t\t  <input type=\"hidden\" name=\"action\" value=\"prima_contact_form\">\n\t\t  <input name=\"lang\" type=\"hidden\" value=\"fr\">\n          <div class=\"RMO04__form--header\">\n            <div class=\"subtitle margin color--4\">\n              <h4><\/h4>\n            <\/div>\n            <div class=\"h4 color--3\">\n              <h4>Nous contacter<\/h4>\n            <\/div>\n          <\/div>\n          <!-- FORM -->\n          <div class=\"flex flex--gap flex--wrap\"> \n            \n            <!-- FIRST NAME -->\n            <div class=\"input--text flex--half\">\n              <label> <span class=\"input__label\">Pr\u00e9nom *<\/span>\n                <input type=\"text\" name=\"fname\" placeholder=\"Pr\u00e9nom\" autocomplete=\"given-name\" value=\"\">\n              <\/label>\n            <\/div>\n            \n            <!-- LAST NAME -->\n            <div class=\"input--text flex--half\">\n              <label>\n                <input type=\"text\" name=\"lname\" placeholder=\"Nom de famille\" autocomplete=\"family-name\" value=\"\">\n              <\/label>\n            <\/div>\n            \n            <!-- EMAIL -->\n            <div class=\"input--text flex--half\">\n              <label>\n                <input type=\"email\" name=\"email\" placeholder=\"Courriel\" autocomplete=\"email\" value=\"\">\n              <\/label>\n            <\/div>\n            \n            <!-- PHONE -->\n            <div class=\"input--text flex--half\">\n              <label>\n                <input type=\"text\" name=\"phone\" placeholder=\"T\u00e9l\u00e9phone\" autocomplete=\"tel\" value=\"\">\n              <\/label>\n            <\/div>\n            \n            <!-- LAST NAME -->\n            <div class=\"input--text flex--half\">\n              <label>\n                <input type=\"text\" name=\"company\" placeholder=\"Compagnie\" autocomplete=\"family-name\" value=\"\">\n              <\/label>\n            <\/div>\n            \n            <!-- RADIO -->\n            <div class=\"input--checkbox flex--full\"> <span class=\"input__label\">Type de demande<\/span>\n              <label class=\"checkbox__container\">\n                <input type=\"checkbox\" name=\"request_type[]\" value=\"General\" class=\"hide\">\n                <span class=\"icon\"><\/span> <span class=\"text\">G\u00e9n\u00e9ral<\/span> <\/label>\n              <label class=\"checkbox__container\">\n                <input type=\"checkbox\" name=\"request_type[]\" value=\"Accounting\" class=\"hide\">\n                <span class=\"icon\"><\/span> <span class=\"text\">Comptabilit\u00e9<\/span> <\/label>\n              <label class=\"checkbox__container\">\n                <input type=\"checkbox\" name=\"request_type[]\" value=\"Marketing\/Sales\" class=\"hide\">\n                <span class=\"icon\"><\/span> <span class=\"text\">Marketing\/Ventes<\/span> <\/label>\n              <label class=\"checkbox__container\">\n                <input type=\"checkbox\" name=\"request_type[]\" value=\"Partnership\" class=\"hide\">\n                <span class=\"icon\"><\/span> <span class=\"text\">Partenariat<\/span> <\/label>\n              <label class=\"checkbox__container\">\n                <input type=\"checkbox\" name=\"request_type[]\" value=\"Recruiting\" class=\"hide\">\n                <span class=\"icon\"><\/span> <span class=\"text\">Recrutement<\/span> <\/label>\n            <\/div>\n            \n            <!-- FILE -->\n            <div class=\"input--file flex--full\">\n              <label>\n                <input type=\"file\" name=\"fbe8d3dc-f22f-11ec-b758-afffd1951521\" placeholder=\"Joindre un document\" class=\"hide\" id=\"fbe8d3dc-f22f-11ec-b758-afffd1951521\">\n                <span class=\"file-input flex justify--between\"> <span class=\"input__path\" style=\"\">Joindre un document<\/span> <span class=\"input__icon\"> <span class=\"input__upload btn--primary weight-form bg-c3 color-c0 hover-c0 hoverbg-c4\"> <span class=\"button\"> <span class=\"button-text btn-text\">Parcourir<\/span> <\/span> <\/span> <span class=\"input__clear btn--primary weight-form bg-c3 color-c0 hover-c0 hoverbg-c4\"> <span class=\"button\"> <span class=\"button-text btn-text\">Effacer<\/span> <\/span> <\/span> <\/span> <\/span> <\/label>\n            <\/div>\n            \n            <!-- TEXTAREA -->\n            <div class=\"input--text flex--full\">\n              <label> <span class=\"input__label\">Autre information<\/span>\n                <textarea name=\"request_message\" placeholder=\"D\u00e9taillez votre requ\u00eate ici.\" rows=\"4\"><\/textarea>\n              <\/label>\n            <\/div>\n            \n            <!-- SUBMIT -->\n            <div class=\"alCenter flex--full\">\n              <label class=\"submit\">\n                <input type=\"submit\" name=\"submit\" value=\"1\" class=\"hide\">\n                <span class=\"btn--primary weight-fat color-c3 bg-c5 hoverbg-c4 hover-c0\"> <span class=\"button\"> <span class=\"button-text btn-text\">Soumettre<\/span> <\/span> <\/span> <\/label>\n            <\/div>\n          <\/div>\n        <\/form>\n      <!--<\/div>-->\n    <\/div>\n  <\/div>\n<\/section>\n","protected":false},"excerpt":{"rendered":"","protected":false},"author":1,"featured_media":0,"parent":0,"menu_order":0,"comment_status":"closed","ping_status":"closed","template":"page-generic.php","meta":{"_acf_changed":false,"footnotes":""},"class_list":["post-769","page","type-page","status-publish","hentry"],"acf":[],"_links":{"self":[{"href":"https:\/\/dev.primaressource.com\/fr\/wp-json\/wp\/v2\/pages\/769","targetHints":{"allow":["GET"]}}],"collection":[{"href":"https:\/\/dev.primaressource.com\/fr\/wp-json\/wp\/v2\/pages"}],"about":[{"href":"https:\/\/dev.primaressource.com\/fr\/wp-json\/wp\/v2\/types\/page"}],"author":[{"embeddable":true,"href":"https:\/\/dev.primaressource.com\/fr\/wp-json\/wp\/v2\/users\/1"}],"replies":[{"embeddable":true,"href":"https:\/\/dev.primaressource.com\/fr\/wp-json\/wp\/v2\/comments?post=769"}],"version-history":[{"count":4,"href":"https:\/\/dev.primaressource.com\/fr\/wp-json\/wp\/v2\/pages\/769\/revisions"}],"predecessor-version":[{"id":1032,"href":"https:\/\/dev.primaressource.com\/fr\/wp-json\/wp\/v2\/pages\/769\/revisions\/1032"}],"wp:attachment":[{"href":"https:\/\/dev.primaressource.com\/fr\/wp-json\/wp\/v2\/media?parent=769"}],"curies":[{"name":"wp","href":"https:\/\/api.w.org\/{rel}","templated":true}]}}