{"id":903,"date":"2026-02-24T10:55:51","date_gmt":"2026-02-24T15:55:51","guid":{"rendered":"https:\/\/dev.primaressource.com\/?page_id=903"},"modified":"2026-03-05T14:41:11","modified_gmt":"2026-03-05T19:41:11","slug":"formation-lss","status":"publish","type":"page","link":"https:\/\/dev.primaressource.com\/fr\/services\/formation-lss\/","title":{"rendered":"Programmes de formation &#8211; LSS"},"content":{"rendered":"<section class=\"section RGO01-A bg--3\">\n  <!--<div class=\"RGO01-A__wrapper wrap fullBG bgSetter\" data-backgrounds=\"\/public\/media\/8e5b8d88-ee5f-11ec-93ab-a96ae3e0219b.png?v=1747855238,\/public\/media\/8e5b7e4c-ee5f-11ec-adc7-a72617b78979.png?v=1747855238,\/public\/media\/8e5b6916-ee5f-11ec-b0dd-89bfe061dd6d.png?v=1747855238\" data-sizes=\",,\" data-positions=\"top,top,top\" data-viewports=\"414,1024,1920\" style=\"background-image: url(https:\/\/dev.primaressource.com\/wp-content\/uploads\/2025\/11\/image-34.png); background-position: top;\">-->\n  <div class=\"RGO01-A__wrapper wrap fullBG bgSetter\">\n\t<div class=\"bckg-image\"><img loading=\"lazy\" decoding=\"async\" width=\"1545\" height=\"474\" src=\"https:\/\/dev.primaressource.com\/wp-content\/uploads\/2025\/11\/image-34.png\" class=\"attachment-full size-full\" alt=\"\" srcset=\"https:\/\/dev.primaressource.com\/wp-content\/uploads\/2025\/11\/image-34.png 1545w, https:\/\/dev.primaressource.com\/wp-content\/uploads\/2025\/11\/image-34-300x92.png 300w, https:\/\/dev.primaressource.com\/wp-content\/uploads\/2025\/11\/image-34-1024x314.png 1024w, https:\/\/dev.primaressource.com\/wp-content\/uploads\/2025\/11\/image-34-768x236.png 768w, https:\/\/dev.primaressource.com\/wp-content\/uploads\/2025\/11\/image-34-1536x471.png 1536w\" sizes=\"auto, (max-width: 1545px) 100vw, 1545px\" \/><\/div>\n    <div class=\"RGO01-A__overlay\"><\/div>\n    <div class=\"RGO01-A__text\"> \n      <!-- SUBTITLE -->\n      <div class=\"subtitle margin color--0\">\n        <h1>Programme de formation<\/h1>\n      <\/div>\n      \n      <!-- TITLE -->\n      <div class=\"title h3 margin color--0\">\n        <h2>Succ\u00e8s en leadership des ventes<\/h2>\n      <\/div>\n      \n      <!-- TEXT -->\n      <div class=\"wysiwyg color--0\">\n        <div class=\"subtitle color--5 margin\">\n<p>Croissance de l&rsquo;entreprise. Croissance de l&rsquo;\u00e9quipe.<\/p>\n<\/div>\n      <\/div>\n      \n      <!-- BUTTONS -->\n\t\t\n\t\t    <\/div>\n  <\/div>\n<\/section>\n\n\n\n<section class=\"text-image-block layout_text_only bg--8\">\n  <div>\n\t<div class=\"text color--0\"><h2 class=\"color--0 large\">\u00c0 propos du programme<\/h2><p><b>Succ\u00e8s en leadership des ventes<\/b> est con\u00e7u pour aider les leaders des ventes \u00e0 lib\u00e9rer tout leur potentiel de leadership, \u00e0 renforcer la culture de leur \u00e9quipe et \u00e0 stimuler une croissance significative de leur entreprise. Ce programme vous permet de transformer vos talents de vente, d&rsquo;\u00e9liminer les distractions qui limitent la productivit\u00e9 et de mettre en \u0153uvre des changements pratiques qui renforcent votre impact en tant que leader. Gr\u00e2ce \u00e0 une approche structur\u00e9e et ax\u00e9e sur les r\u00e9sultats, vous acquerrez la clart\u00e9, les outils et la confiance n\u00e9cessaires pour mener votre \u00e9quipe vers un succ\u00e8s durable.<\/p>\n<p>L&rsquo;un des \u00e9l\u00e9ments cl\u00e9s du programme est la possibilit\u00e9 d&rsquo;apprendre aux c\u00f4t\u00e9s d&rsquo;un groupe de leaders des ventes qui partagent votre ambition de croissance. En \u00e9changeant les meilleures pratiques, les d\u00e9fis du monde r\u00e9el et les strat\u00e9gies \u00e9prouv\u00e9es, vous \u00e9largirez votre perspective tout en construisant un solide r\u00e9seau de pairs. Le programme met \u00e9galement l&rsquo;accent sur le d\u00e9veloppement d&rsquo;une culture de confiance, permettant une collaboration plus forte, une plus grande responsabilit\u00e9 et des performances plus \u00e9lev\u00e9es dans l&rsquo;ensemble de votre organisation de vente.<\/p>\n<p>Le programme s&rsquo;articule autour de trois piliers fondamentaux qui soutiennent le succ\u00e8s \u00e0 long terme :<\/p>\n<p><b>Le leadership<\/b> se concentre sur le d\u00e9veloppement de votre pr\u00e9sence en tant que leader et de vos capacit\u00e9s de coaching afin de mieux guider et inspirer votre \u00e9quipe.<\/p>\n<p><b>La croissance de l&rsquo;entreprise<\/b> vous aide \u00e0 cr\u00e9er et \u00e0 mettre en \u0153uvre une strat\u00e9gie claire pour obtenir des r\u00e9sultats mesurables et atteindre les objectifs de croissance de votre organisation au cours des trois prochaines ann\u00e9es.<\/p>\n<p><b>Les talents<\/b> se concentrent sur la constitution d&rsquo;une \u00e9quipe de vente hautement performante en d\u00e9veloppant les comp\u00e9tences, les points forts et le potentiel de vos collaborateurs.<\/p>\n<p><b>Succ\u00e8s en leadership des ventes<\/b> est con\u00e7u pour les leaders des ventes qui s&rsquo;engagent \u00e0 atteindre une croissance significative de leur entreprise, qui sont ouverts \u00e0 l&rsquo;apprentissage aupr\u00e8s d&rsquo;autres leaders et qui sont pr\u00eats \u00e0 apporter des changements significatifs, tant sur le plan strat\u00e9gique qu&rsquo;op\u00e9rationnel. Si vous cherchez \u00e0 renforcer votre leadership, \u00e0 acc\u00e9l\u00e9rer vos r\u00e9sultats et \u00e0 cr\u00e9er une culture de vente hautement performante, ce programme vous fournit le cadre n\u00e9cessaire pour vous aider \u00e0 r\u00e9ussir.<\/p>\n  <\/div>\n<\/section>\n\n\n<section class=\"section TGO08 section-c0\">\n\t<div class=\"padd\">\n\t\t<div class=\"TGO08__header wrap\">\n\t\t\t<div class=\"h4 color--3 margin\">\n\t\t\t\t<div class=\"h4 margin color--3\"><p>D\u00e9ploiement du programme<\/p><\/div>\t\t\t<\/div>\n\t\t<\/div>\n\t\t<div class=\"TGO08__wrapper\">\n\t\t\t<div class=\"TGO08__card visible once fade-up\"><div class=\"TGO08__card--icon\"><div class=\"icon\"><img loading=\"lazy\" decoding=\"async\" width=\"1000\" height=\"1000\" src=\"https:\/\/dev.primaressource.com\/wp-content\/uploads\/2026\/01\/Kick-Off-Session.png\" class=\"attachment-full size-full\" alt=\"Kick-Off Session\" srcset=\"https:\/\/dev.primaressource.com\/wp-content\/uploads\/2026\/01\/Kick-Off-Session.png 1000w, https:\/\/dev.primaressource.com\/wp-content\/uploads\/2026\/01\/Kick-Off-Session-300x300.png 300w, https:\/\/dev.primaressource.com\/wp-content\/uploads\/2026\/01\/Kick-Off-Session-150x150.png 150w, https:\/\/dev.primaressource.com\/wp-content\/uploads\/2026\/01\/Kick-Off-Session-768x768.png 768w\" sizes=\"auto, (max-width: 1000px) 100vw, 1000px\" \/><\/div><\/div><div class=\"TGO08__card--text\"><div class=\"title h5 margin color--3\"><h3>Session de lancement<\/h3><\/div><div class=\"text wysiwyg color--3\"><p>Une session virtuelle de 60 minutes pour passer en revue les objectifs du programme et ce \u00e0 quoi s&rsquo;attendre.<\/p>\n<\/div><\/div><\/div><div class=\"TGO08__card visible once fade-up\"><div class=\"TGO08__card--icon\"><div class=\"icon\"><img loading=\"lazy\" decoding=\"async\" width=\"1000\" height=\"1000\" src=\"https:\/\/dev.primaressource.com\/wp-content\/uploads\/2026\/01\/Intensive-Training.png\" class=\"attachment-full size-full\" alt=\"Intensive Training\" srcset=\"https:\/\/dev.primaressource.com\/wp-content\/uploads\/2026\/01\/Intensive-Training.png 1000w, https:\/\/dev.primaressource.com\/wp-content\/uploads\/2026\/01\/Intensive-Training-300x300.png 300w, https:\/\/dev.primaressource.com\/wp-content\/uploads\/2026\/01\/Intensive-Training-150x150.png 150w, https:\/\/dev.primaressource.com\/wp-content\/uploads\/2026\/01\/Intensive-Training-768x768.png 768w\" sizes=\"auto, (max-width: 1000px) 100vw, 1000px\" \/><\/div><\/div><div class=\"TGO08__card--text\"><div class=\"title h5 margin color--3\"><h3>Formation intensive<\/h3><\/div><div class=\"text wysiwyg color--3\"><p>Formation en pr\u00e9sentiel de 2 jours, avec des exercices interactifs et dynamiques.<\/p>\n<\/div><\/div><\/div><div class=\"TGO08__card visible once fade-up\"><div class=\"TGO08__card--icon\"><div class=\"icon\"><img loading=\"lazy\" decoding=\"async\" width=\"1000\" height=\"1000\" src=\"https:\/\/dev.primaressource.com\/wp-content\/uploads\/2026\/01\/Follow-Up-Sessions.png\" class=\"attachment-full size-full\" alt=\"Follow-Up Sessions\" srcset=\"https:\/\/dev.primaressource.com\/wp-content\/uploads\/2026\/01\/Follow-Up-Sessions.png 1000w, https:\/\/dev.primaressource.com\/wp-content\/uploads\/2026\/01\/Follow-Up-Sessions-300x300.png 300w, https:\/\/dev.primaressource.com\/wp-content\/uploads\/2026\/01\/Follow-Up-Sessions-150x150.png 150w, https:\/\/dev.primaressource.com\/wp-content\/uploads\/2026\/01\/Follow-Up-Sessions-768x768.png 768w\" sizes=\"auto, (max-width: 1000px) 100vw, 1000px\" \/><\/div><\/div><div class=\"TGO08__card--text\"><div class=\"title h5 margin color--3\"><h3>Sessions de suivi<\/h3><\/div><div class=\"text wysiwyg color--3\"><p>S\u00e9ances de suivi hebdomadaires, approfondissant les concepts et les pratiques pr\u00e9sent\u00e9s lors de la session intensive, sur une p\u00e9riode de 12 mois.<\/p>\n<\/div><\/div><\/div><div class=\"TGO08__card visible once fade-up\"><div class=\"TGO08__card--icon\"><div class=\"icon\"><img loading=\"lazy\" decoding=\"async\" width=\"1000\" height=\"1000\" src=\"https:\/\/dev.primaressource.com\/wp-content\/uploads\/2026\/01\/Practicum.png\" class=\"attachment-full size-full\" alt=\"Practicum\" srcset=\"https:\/\/dev.primaressource.com\/wp-content\/uploads\/2026\/01\/Practicum.png 1000w, https:\/\/dev.primaressource.com\/wp-content\/uploads\/2026\/01\/Practicum-300x300.png 300w, https:\/\/dev.primaressource.com\/wp-content\/uploads\/2026\/01\/Practicum-150x150.png 150w, https:\/\/dev.primaressource.com\/wp-content\/uploads\/2026\/01\/Practicum-768x768.png 768w\" sizes=\"auto, (max-width: 1000px) 100vw, 1000px\" \/><\/div><\/div><div class=\"TGO08__card--text\"><div class=\"title h5 margin color--3\"><h3>Practicum de leadership<\/h3><\/div><div class=\"text wysiwyg color--3\"><p>Une \u00e9valuation pratique de tout ce qui a \u00e9t\u00e9 appris pendant le programme, \u00e9valuant les progr\u00e8s r\u00e9alis\u00e9s par le participant.<\/p>\n<\/div><\/div><\/div>\t\t<\/div>\n\t  <\/div>\n<\/section>\n\n\n<section class=\"cta layout_img_text bg--3\">\n  <div>\n\t<div class=\"img\"><picture><img loading=\"lazy\" decoding=\"async\" width=\"2000\" height=\"2000\" src=\"https:\/\/dev.primaressource.com\/wp-content\/uploads\/2026\/01\/Untitled-design-9.png\" class=\"attachment-full size-full\" alt=\"\" srcset=\"https:\/\/dev.primaressource.com\/wp-content\/uploads\/2026\/01\/Untitled-design-9.png 2000w, https:\/\/dev.primaressource.com\/wp-content\/uploads\/2026\/01\/Untitled-design-9-300x300.png 300w, https:\/\/dev.primaressource.com\/wp-content\/uploads\/2026\/01\/Untitled-design-9-1024x1024.png 1024w, https:\/\/dev.primaressource.com\/wp-content\/uploads\/2026\/01\/Untitled-design-9-150x150.png 150w, https:\/\/dev.primaressource.com\/wp-content\/uploads\/2026\/01\/Untitled-design-9-768x768.png 768w, https:\/\/dev.primaressource.com\/wp-content\/uploads\/2026\/01\/Untitled-design-9-1536x1536.png 1536w\" sizes=\"auto, (max-width: 2000px) 100vw, 2000px\" \/><picture><\/div><div class=\"text visible fade-up\"><div class=\"subtitle-box\"><div class=\"subtitle\" color--0\"><p>En savoir plus?<\/p><\/div><\/div><div class=\"title h3 color--0\"><h3>Discutes de tes d\u00e9fis avec l&rsquo;un de nos experts<\/h3><\/div><div class=\"wysiwyg color--0\"><p>D\u00e9couvrez nos services et acc\u00e9l\u00e9rez votre croissance.<\/p>\n<\/div><div class=\"btn-container\"><div class=\"btn--primary weight-fat color-c3 hover-c0 bg-c5 hoverbg-c4\"><a class=\"button\" href=\"https:\/\/dev.primaressource.com\/fr\/nous-contacter\/\" title=\"En savoir plus\" data-no-swup=\"\"> <span class=\"button-text btn-text\">En savoir plus<\/span><\/a><\/div><\/div>  <\/div>\n<\/section>\n","protected":false},"excerpt":{"rendered":"","protected":false},"author":2,"featured_media":0,"parent":723,"menu_order":0,"comment_status":"closed","ping_status":"closed","template":"page-generic.php","meta":{"_acf_changed":false,"footnotes":""},"class_list":["post-903","page","type-page","status-publish","hentry"],"acf":[],"_links":{"self":[{"href":"https:\/\/dev.primaressource.com\/fr\/wp-json\/wp\/v2\/pages\/903","targetHints":{"allow":["GET"]}}],"collection":[{"href":"https:\/\/dev.primaressource.com\/fr\/wp-json\/wp\/v2\/pages"}],"about":[{"href":"https:\/\/dev.primaressource.com\/fr\/wp-json\/wp\/v2\/types\/page"}],"author":[{"embeddable":true,"href":"https:\/\/dev.primaressource.com\/fr\/wp-json\/wp\/v2\/users\/2"}],"replies":[{"embeddable":true,"href":"https:\/\/dev.primaressource.com\/fr\/wp-json\/wp\/v2\/comments?post=903"}],"version-history":[{"count":8,"href":"https:\/\/dev.primaressource.com\/fr\/wp-json\/wp\/v2\/pages\/903\/revisions"}],"predecessor-version":[{"id":998,"href":"https:\/\/dev.primaressource.com\/fr\/wp-json\/wp\/v2\/pages\/903\/revisions\/998"}],"up":[{"embeddable":true,"href":"https:\/\/dev.primaressource.com\/fr\/wp-json\/wp\/v2\/pages\/723"}],"wp:attachment":[{"href":"https:\/\/dev.primaressource.com\/fr\/wp-json\/wp\/v2\/media?parent=903"}],"curies":[{"name":"wp","href":"https:\/\/api.w.org\/{rel}","templated":true}]}}